{"id":8031,"date":"2020-08-04T14:38:38","date_gmt":"2020-08-04T12:38:38","guid":{"rendered":"https:\/\/grun.idp.lu\/produit\/produit-2\/"},"modified":"2025-10-18T00:01:43","modified_gmt":"2025-10-17T22:01:43","slug":"fiigurine-ecolier-fille-en-pvc-cellulaire-de-10-mmdecoupe-a-la-forme-1500-mm-3-rails-de-fixation-au-verso","status":"publish","type":"product","link":"https:\/\/grun.jumo.idp.lu\/en\/produit\/fiigurine-ecolier-fille-en-pvc-cellulaire-de-10-mmdecoupe-a-la-forme-1500-mm-3-rails-de-fixation-au-verso\/","title":{"rendered":"FIigurine \u00e9colier &#8220;FILLE&#8221; , en PVC cellulaire de 10 mmd\u00e9coupe \u00e0 la forme, 1500 mm, 3 rails de fixation au verso"},"content":{"rendered":"","protected":false},"excerpt":{"rendered":"","protected":false},"featured_media":8865,"template":"","meta":[],"_links":{"self":[{"href":"https:\/\/grun.jumo.idp.lu\/en\/wp-json\/wp\/v2\/product\/8031"}],"collection":[{"href":"https:\/\/grun.jumo.idp.lu\/en\/wp-json\/wp\/v2\/product"}],"about":[{"href":"https:\/\/grun.jumo.idp.lu\/en\/wp-json\/wp\/v2\/types\/product"}],"wp:featuredmedia":[{"embeddable":true,"href":"https:\/\/grun.jumo.idp.lu\/en\/wp-json\/wp\/v2\/media\/8865"}],"wp:attachment":[{"href":"https:\/\/grun.jumo.idp.lu\/en\/wp-json\/wp\/v2\/media?parent=8031"}],"curies":[{"name":"wp","href":"https:\/\/api.w.org\/{rel}","templated":true}]}}