{"id":494,"date":"2020-02-20T11:16:11","date_gmt":"2020-02-20T10:16:11","guid":{"rendered":"https:\/\/grun.idp.lu\/societe\/"},"modified":"2020-10-21T17:40:37","modified_gmt":"2020-10-21T15:40:37","slug":"societe","status":"publish","type":"page","link":"https:\/\/grun.jumo.idp.lu\/en\/societe\/","title":{"rendered":"Soci\u00e9t\u00e9"},"content":{"rendered":"<p>Depuis 1952, la soci\u00e9t\u00e9 <strong>GR\u00dcN SIGNALISATION<\/strong> est reconnue comme \u00e9tant un prestataire de qualit\u00e9 au Luxembourg.<\/p>\n<p>Sur un site de plus de 3000m\u00b2, proche de Luxembourg-ville et des axes autoroutiers, GR\u00dcN SIGNALISATION s\u2019est illustr\u00e9e \u00e0 l\u2019origine dans la fabrication et le montage de <strong>plaques d\u2019immatriculation<\/strong>, pour \u00e9voluer progressivement vers la <strong>signalisation routi\u00e8re<\/strong>, <strong>signalisation g\u00e9n\u00e9rale<\/strong> et <strong>l\u2019am\u00e9nagement urbain<\/strong>.<\/p>\n<p>Qu\u2019il s\u2019agisse de productions standards \u00e0 l\u2019unit\u00e9, grandes s\u00e9ries ou <strong>r\u00e9alisations sur-mesure<\/strong>, l\u2019atelier de GR\u00dcN SIGNALISATION vous fournit un service complet avec fabrication et fa\u00e7onnage en interne.<\/p>\n<p>Vous trouvez de plus amples d\u00e9tails sur les produits dans les diff\u00e9rentes rubriques de ce site.<\/p>","protected":false},"excerpt":{"rendered":"<p>Depuis 1952, la soci\u00e9t\u00e9 GR\u00dcN SIGNALISATION est reconnue comme \u00e9tant un prestataire de qualit\u00e9 au Luxembourg. Sur un site de plus de 3000m\u00b2, proche de Luxembourg-ville et des axes autoroutiers, GR\u00dcN SIGNALISATION s\u2019est illustr\u00e9e \u00e0 l\u2019origine dans la fabrication et le montage de plaques d\u2019immatriculation, pour \u00e9voluer progressivement vers la signalisation routi\u00e8re, signalisation g\u00e9n\u00e9rale et [&hellip;]<\/p>\n","protected":false},"author":1,"featured_media":8973,"parent":0,"menu_order":10,"comment_status":"closed","ping_status":"closed","template":"","meta":[],"_links":{"self":[{"href":"https:\/\/grun.jumo.idp.lu\/en\/wp-json\/wp\/v2\/pages\/494"}],"collection":[{"href":"https:\/\/grun.jumo.idp.lu\/en\/wp-json\/wp\/v2\/pages"}],"about":[{"href":"https:\/\/grun.jumo.idp.lu\/en\/wp-json\/wp\/v2\/types\/page"}],"author":[{"embeddable":true,"href":"https:\/\/grun.jumo.idp.lu\/en\/wp-json\/wp\/v2\/users\/1"}],"replies":[{"embeddable":true,"href":"https:\/\/grun.jumo.idp.lu\/en\/wp-json\/wp\/v2\/comments?post=494"}],"version-history":[{"count":15,"href":"https:\/\/grun.jumo.idp.lu\/en\/wp-json\/wp\/v2\/pages\/494\/revisions"}],"predecessor-version":[{"id":11805,"href":"https:\/\/grun.jumo.idp.lu\/en\/wp-json\/wp\/v2\/pages\/494\/revisions\/11805"}],"wp:featuredmedia":[{"embeddable":true,"href":"https:\/\/grun.jumo.idp.lu\/en\/wp-json\/wp\/v2\/media\/8973"}],"wp:attachment":[{"href":"https:\/\/grun.jumo.idp.lu\/en\/wp-json\/wp\/v2\/media?parent=494"}],"curies":[{"name":"wp","href":"https:\/\/api.w.org\/{rel}","templated":true}]}}