{"id":6381,"date":"2020-07-13T11:38:25","date_gmt":"2020-07-13T09:38:25","guid":{"rendered":"https:\/\/grun.idp.lu\/produit\/produit-2\/"},"modified":"2025-11-12T05:26:41","modified_gmt":"2025-11-12T04:26:41","slug":"poteau-conique-amovible-a-cle-tria-sans-socle-laque-en-rouge-brun-ral-3007","status":"publish","type":"product","link":"https:\/\/grun.jumo.idp.lu\/de\/produit\/poteau-conique-amovible-a-cle-tria-sans-socle-laque-en-rouge-brun-ral-3007\/","title":{"rendered":"POTEAU C\u00d4NIQUE AMOVIBLE \u00e0 cl\u00e9 tria.  SANS SOCLE laqu\u00e9 en rouge-brun RAL 3007"},"content":{"rendered":"","protected":false},"excerpt":{"rendered":"","protected":false},"featured_media":6382,"template":"","meta":[],"_links":{"self":[{"href":"https:\/\/grun.jumo.idp.lu\/de\/wp-json\/wp\/v2\/product\/6381"}],"collection":[{"href":"https:\/\/grun.jumo.idp.lu\/de\/wp-json\/wp\/v2\/product"}],"about":[{"href":"https:\/\/grun.jumo.idp.lu\/de\/wp-json\/wp\/v2\/types\/product"}],"wp:featuredmedia":[{"embeddable":true,"href":"https:\/\/grun.jumo.idp.lu\/de\/wp-json\/wp\/v2\/media\/6382"}],"wp:attachment":[{"href":"https:\/\/grun.jumo.idp.lu\/de\/wp-json\/wp\/v2\/media?parent=6381"}],"curies":[{"name":"wp","href":"https:\/\/api.w.org\/{rel}","templated":true}]}}