{"id":31275,"date":"2024-10-27T09:46:06","date_gmt":"2024-10-27T08:46:06","guid":{"rendered":"https:\/\/grun.jumo.idp.lu\/produit\/produit-2\/"},"modified":"2025-11-12T05:26:47","modified_gmt":"2025-11-12T04:26:47","slug":"housse-pour-barriere-de-securite-standardbache-blanche-avec-decor-simple-face-_-rfroute-barree-inondation","status":"publish","type":"product","link":"https:\/\/grun.jumo.idp.lu\/de\/produit\/housse-pour-barriere-de-securite-standardbache-blanche-avec-decor-simple-face-_-rfroute-barree-inondation\/","title":{"rendered":"HOUSSE POUR BARRI\u00c8RE DE S\u00c9CURIT\u00c9 STANDARD\r\nbache blanche avec d\u00e9cor SIMPLE-FACE _ RF\r\nROUTE BARREE &#8211; INONDATION"},"content":{"rendered":"","protected":false},"excerpt":{"rendered":"","protected":false},"featured_media":31276,"template":"","meta":[],"_links":{"self":[{"href":"https:\/\/grun.jumo.idp.lu\/de\/wp-json\/wp\/v2\/product\/31275"}],"collection":[{"href":"https:\/\/grun.jumo.idp.lu\/de\/wp-json\/wp\/v2\/product"}],"about":[{"href":"https:\/\/grun.jumo.idp.lu\/de\/wp-json\/wp\/v2\/types\/product"}],"wp:featuredmedia":[{"embeddable":true,"href":"https:\/\/grun.jumo.idp.lu\/de\/wp-json\/wp\/v2\/media\/31276"}],"wp:attachment":[{"href":"https:\/\/grun.jumo.idp.lu\/de\/wp-json\/wp\/v2\/media?parent=31275"}],"curies":[{"name":"wp","href":"https:\/\/api.w.org\/{rel}","templated":true}]}}