{"id":20818,"date":"2021-05-21T15:33:45","date_gmt":"2021-05-21T13:33:45","guid":{"rendered":"https:\/\/grun.lu\/produit\/produit-2\/"},"modified":"2025-11-09T01:33:04","modified_gmt":"2025-11-09T00:33:04","slug":"arceaux-ottopark-solaire-couleur-standard-jaunearceau-o-62-3-mm-prevus-avec-une-telecommande-detecteur-de-presence-de-vehicules-kit-de-montage-option-gsm-sans-carte-sim","status":"publish","type":"product","link":"https:\/\/grun.jumo.idp.lu\/de\/produit\/arceaux-ottopark-solaire-couleur-standard-jaunearceau-o-62-3-mm-prevus-avec-une-telecommande-detecteur-de-presence-de-vehicules-kit-de-montage-option-gsm-sans-carte-sim\/","title":{"rendered":"ARCEAUX OTTOPARK  SOLAIRE, \nCOULEUR : STANDARD jaune\narceau \u00d8 62\/3 mm \npr\u00e9vus avec  :\n&#8211; une t\u00e9l\u00e9commande\n&#8211; d\u00e9tecteur de pr\u00e9sence de v\u00e9hicules\n&#8211; kit de montage \n&#8211; option GSM (sans carte SIM)"},"content":{"rendered":"","protected":false},"excerpt":{"rendered":"","protected":false},"featured_media":0,"template":"","meta":[],"_links":{"self":[{"href":"https:\/\/grun.jumo.idp.lu\/de\/wp-json\/wp\/v2\/product\/20818"}],"collection":[{"href":"https:\/\/grun.jumo.idp.lu\/de\/wp-json\/wp\/v2\/product"}],"about":[{"href":"https:\/\/grun.jumo.idp.lu\/de\/wp-json\/wp\/v2\/types\/product"}],"wp:attachment":[{"href":"https:\/\/grun.jumo.idp.lu\/de\/wp-json\/wp\/v2\/media?parent=20818"}],"curies":[{"name":"wp","href":"https:\/\/api.w.org\/{rel}","templated":true}]}}