{"id":489,"date":"2020-02-20T11:15:27","date_gmt":"2020-02-20T10:15:27","guid":{"rendered":"https:\/\/grun.idp.lu\/?page_id=489"},"modified":"2020-05-19T11:11:32","modified_gmt":"2020-05-19T09:11:32","slug":"a-propos","status":"publish","type":"page","link":"https:\/\/grun.jumo.idp.lu\/de\/a-propos\/","title":{"rendered":"\u00c0 propos"},"content":{"rendered":"<h2>Exp\u00e9dition et retour<\/h2>\n<p>Toute commande pass\u00e9e avant 15h30 sera livr\u00e9e le jour suivant (si ouvrable) \u00e0 l\u2019exception des articles signal\u00e9s dans le catalogue. En ce qui concerne les envois \u00e0 l&#8217;\u00e9tranger (Belgique, France, Allemagne), les d\u00e9lais sont de 3 \u00e0 5 jours (selon la destination finale).<\/p>\n<p>Si le produit ne rencontre pas votre satisfaction ou n\u2019est pas conforme \u00e0 votre commande, vous disposez de 3 jours, \u00e0 compter de la date de livraison, pour le renvoyer, except\u00e9 les plaques d\u2019immatriculation ou tout autre article personnalis\u00e9 (gravure de portes clef, plaques anniversaires etc.). Dans ce cas, les frais d\u2019envoi seront \u00e0 votre charge. Veuillez nous contacter par mail, t\u00e9l\u00e9phone ou fax avant le renvoi de l\u2019article. Quel que soit le produit renvoy\u00e9, sans cette communication au pr\u00e9alable, il ne sera pas accept\u00e9.<\/p>\n<p>Le produit renvoy\u00e9 et son emballage doivent \u00eatre en parfait \u00e9tat (sans rayures ou autres d\u00e9t\u00e9riorations) et inclurent toute la documentation se rapportant au produit ainsi que ses accessoires. Une fois re\u00e7u et v\u00e9rifi\u00e9, nous vous enverrons un avoir sur le prix de l\u2019article.<\/p>\n<h2>Remarque sur la confidentialit\u00e9 et la protection des donn\u00e9es<\/h2>\n<p>Les informations donn\u00e9es \u00e0 <a href=\"http:\/\/grun.lu\/\">grun.lu<\/a> sont utilis\u00e9es uniquement et exclusivement pour r\u00e9aliser les prestations demand\u00e9es, livrer les commandes aux clients et le cas \u00e9ch\u00e9ant diffuser des offres et promotions. Les donn\u00e9es recueillies seront utilis\u00e9es, selon les nouvelles directives de l\u2019Union europ\u00e9enne relatives \u00e0 la protection des donn\u00e9es personnelles entr\u00e9es en vigueur en mai 2018 et qui renforcent les droits des citoyens et simplifient les r\u00e8gles que les entreprises doivent respecter.<\/p>\n<p><a href=\"https:\/\/eur-lex.europa.eu\/\" target=\"_blank\" rel=\"noopener noreferrer\">L\u00e9gislation europ\u00e9enne<\/a><\/p>\n<h2>Conditions d&#8217;utilisation<\/h2>\n<p>Tous les produits propos\u00e9s dans notre magasin font l&#8217;objet d&#8217;une garantie constructeur conforme \u00e0 la l\u00e9gislation en vigueur. Nous nous engageons \u00e0 vous livrer des produits de grande qualit\u00e9, r\u00e9pondant aux normes environnementales, de s\u00e9curit\u00e9 et de production actuelles.<\/p>\n","protected":false},"excerpt":{"rendered":"<p>Exp\u00e9dition et retour Toute commande pass\u00e9e avant 15h30 sera livr\u00e9e le jour suivant (si ouvrable) \u00e0 l\u2019exception des articles signal\u00e9s dans le catalogue. En ce qui concerne les envois \u00e0 l&#8217;\u00e9tranger (Belgique, France, Allemagne), les d\u00e9lais sont de 3 \u00e0 5 jours (selon la destination finale). Si le produit ne rencontre pas votre satisfaction ou [&hellip;]<\/p>\n","protected":false},"author":1,"featured_media":777,"parent":0,"menu_order":0,"comment_status":"closed","ping_status":"closed","template":"","meta":[],"_links":{"self":[{"href":"https:\/\/grun.jumo.idp.lu\/de\/wp-json\/wp\/v2\/pages\/489"}],"collection":[{"href":"https:\/\/grun.jumo.idp.lu\/de\/wp-json\/wp\/v2\/pages"}],"about":[{"href":"https:\/\/grun.jumo.idp.lu\/de\/wp-json\/wp\/v2\/types\/page"}],"author":[{"embeddable":true,"href":"https:\/\/grun.jumo.idp.lu\/de\/wp-json\/wp\/v2\/users\/1"}],"replies":[{"embeddable":true,"href":"https:\/\/grun.jumo.idp.lu\/de\/wp-json\/wp\/v2\/comments?post=489"}],"version-history":[{"count":6,"href":"https:\/\/grun.jumo.idp.lu\/de\/wp-json\/wp\/v2\/pages\/489\/revisions"}],"predecessor-version":[{"id":5284,"href":"https:\/\/grun.jumo.idp.lu\/de\/wp-json\/wp\/v2\/pages\/489\/revisions\/5284"}],"wp:featuredmedia":[{"embeddable":true,"href":"https:\/\/grun.jumo.idp.lu\/de\/wp-json\/wp\/v2\/media\/777"}],"wp:attachment":[{"href":"https:\/\/grun.jumo.idp.lu\/de\/wp-json\/wp\/v2\/media?parent=489"}],"curies":[{"name":"wp","href":"https:\/\/api.w.org\/{rel}","templated":true}]}}